{"id":153,"date":"2018-09-16T13:45:56","date_gmt":"2018-09-16T10:45:56","guid":{"rendered":"https:\/\/yadaanaliz.com\/?page_id=153"},"modified":"2024-01-23T01:58:07","modified_gmt":"2024-01-22T22:58:07","slug":"events","status":"publish","type":"page","link":"https:\/\/abilar.org\/en\/events\/","title":{"rendered":"Events"},"content":{"rendered":"<div data-elementor-type=\"wp-post\" data-elementor-id=\"153\" class=\"elementor elementor-153\" data-elementor-post-type=\"page\">\n\t\t\t\t\t\t<section class=\"elementor-section elementor-top-section elementor-element elementor-element-bac2178 elementor-section-boxed elementor-section-height-default elementor-section-height-default\" data-id=\"bac2178\" data-element_type=\"section\" data-e-type=\"section\">\n\t\t\t\t\t\t<div class=\"elementor-container elementor-column-gap-default\">\n\t\t\t\t\t<div class=\"elementor-column elementor-col-100 elementor-top-column elementor-element elementor-element-d8b26d7\" data-id=\"d8b26d7\" data-element_type=\"column\" data-e-type=\"column\">\n\t\t\t<div class=\"elementor-widget-wrap elementor-element-populated\">\n\t\t\t\t\t\t<div class=\"elementor-element elementor-element-1a26ab9 elementor-widget elementor-widget-timeline-widget-addon\" data-id=\"1a26ab9\" data-element_type=\"widget\" data-e-type=\"widget\" data-widget_type=\"timeline-widget-addon.default\">\n\t\t\t\t<div class=\"elementor-widget-container\">\n\t\t\t\t\t<!-- ========= Timeline Widget Addon For Elementor 1.6.23 ========= -->\n<div id=\"twae-wrapper-1a26ab9\" class=\"twae-vertical twae-wrapper  twae-vertical-right\">   \n    <div class=\"twae-start\"><\/div>    \n    <div id=\"twea-timeline-1a26ab9\" class=\"twae-timeline\" ><!-- Start of Story Repeater Content --><div id=\"story-e4da458\" class=\"twae-story twae-repeater-item twae-story-right twae-story-no-icon\"><!-- Story Label --><div class=\"twae-labels\"><div class=\"twae-label-big\">14 Ocak 2023<\/div><div class=\"twae-label-small\">https:\/\/isct-phd.org\/<\/div><\/div><!-- Story Icon --><div class=\"twae-icon\"><i aria-hidden=\"true\" class=\"far fa-clock\"><\/i><\/div><!-- Story Arrow --><div class=\"twae-arrow\"><\/div><!-- Start of Story Content --><div class=\"twae-content\"><!-- Story Title --><div class=\"twae-title\">Uluslararas\u0131 Felsefi Boyutlar\u0131 ile \u0130leti\u015fim ve Teknoloji Sempozyumu<\/div><!-- Story Image --><div class=\"twae-media large\"><img decoding=\"async\" src=\"https:\/\/isct-phd.org\/wp-content\/uploads\/slider3\/dikey-afis-.png\" alt=\"Uluslararas\u0131 Felsefi Boyutlar\u0131 ile \u0130leti\u015fim ve Teknoloji Sempozyumu\"><\/div><!-- Story Description --><div class=\"twae-description\"><p>Etkinlik detaylar\u0131na<a href=\"https:\/\/isct-phd.org\/\" rel=\"noopener\"> bu sayfadan<\/a> ula\u015fabilirsiniz.\u00a0<\/p><\/div><\/div><\/div><!-- Story Year Label --><div class=\"twae-year twae-year-container story-year-ca92aca\">\n\t\t\t\t\t<div class=\"twae-year-label twae-year-text\">2018<\/div>\n\t\t\t\t<\/div><!-- Start of Story Repeater Content --><div id=\"story-ca92aca\" class=\"twae-story twae-repeater-item twae-story-right twae-story-no-icon\"><!-- Story Label --><div class=\"twae-labels\"><div class=\"twae-label-big\">16 Aral\u0131k 2018<\/div><div class=\"twae-label-small\">https:\/\/abilar.org\/ictc2018<\/div><\/div><!-- Story Icon --><div class=\"twae-icon\"><i aria-hidden=\"true\" class=\"far fa-calendar-check\"><\/i><\/div><!-- Story Arrow --><div class=\"twae-arrow\"><\/div><!-- Start of Story Content --><div class=\"twae-content\"><!-- Story Title --><div class=\"twae-title\">ICTC - Bili\u015fim ve \u0130leti\u015fim Teknolojileri Kongresi<\/div><!-- Story Image --><div class=\"twae-media medium_large\"><img fetchpriority=\"high\" decoding=\"async\" width=\"768\" height=\"543\" src=\"https:\/\/abilar.org\/wp-content\/uploads\/sites\/2\/2018\/10\/afis-768x543.png\" class=\"attachment-medium_large size-medium_large\" alt=\"\" srcset=\"https:\/\/abilar.org\/wp-content\/uploads\/sites\/2\/2018\/10\/afis-768x543.png 768w, https:\/\/abilar.org\/wp-content\/uploads\/sites\/2\/2018\/10\/afis-300x212.png 300w, https:\/\/abilar.org\/wp-content\/uploads\/sites\/2\/2018\/10\/afis-1024x724.png 1024w, https:\/\/abilar.org\/wp-content\/uploads\/sites\/2\/2018\/10\/afis-1536x1086.png 1536w, https:\/\/abilar.org\/wp-content\/uploads\/sites\/2\/2018\/10\/afis-16x12.png 16w, https:\/\/abilar.org\/wp-content\/uploads\/sites\/2\/2018\/10\/afis.png 1754w\" sizes=\"(max-width: 768px) 100vw, 768px\" \/><\/div><!-- Story Description --><div class=\"twae-description\"><p>Etkinlik detaylar\u0131na<a href=\"https:\/\/abilar.org\/en\/ictc2018\/\"> bu sayfadan<\/a> ula\u015fabilirsiniz.\u00a0<\/p><\/div><\/div><\/div><\/div>\n    <div class=\"twae-end\"><\/div>\n    <\/div><style type=\"text\/css\">@media (max-width: 1024px){ .twae-wrapper{--tw-ybx-size: 80px !important;}}@media (max-width: 767px){ .twae-wrapper{--tw-ybx-size: 80px !important}}<\/style>\t\t\t\t<\/div>\n\t\t\t\t<\/div>\n\t\t\t\t\t<\/div>\n\t\t<\/div>\n\t\t\t\t\t<\/div>\n\t\t<\/section>\n\t\t\t\t<\/div>","protected":false},"excerpt":{"rendered":"<p>14 Ocak 2023https:\/\/isct-phd.org\/Uluslararas\u0131 Felsefi Boyutlar\u0131 ile \u0130leti\u015fim ve Teknoloji Sempozyumu Etkinlik detaylar\u0131na bu sayfadan ula\u015fabilirsiniz.\u00a0 2018 16 Aral\u0131k 2018https:\/\/abilar.org\/ictc2018ICTC &#8211; Bili\u015fim ve \u0130leti\u015fim Teknolojileri Kongresi&hellip;<\/p>","protected":false},"author":4,"featured_media":488,"parent":0,"menu_order":0,"comment_status":"closed","ping_status":"closed","template":"","meta":{"footnotes":""},"class_list":["post-153","page","type-page","status-publish","has-post-thumbnail","hentry"],"_links":{"self":[{"href":"https:\/\/abilar.org\/en\/wp-json\/wp\/v2\/pages\/153","targetHints":{"allow":["GET"]}}],"collection":[{"href":"https:\/\/abilar.org\/en\/wp-json\/wp\/v2\/pages"}],"about":[{"href":"https:\/\/abilar.org\/en\/wp-json\/wp\/v2\/types\/page"}],"author":[{"embeddable":true,"href":"https:\/\/abilar.org\/en\/wp-json\/wp\/v2\/users\/4"}],"replies":[{"embeddable":true,"href":"https:\/\/abilar.org\/en\/wp-json\/wp\/v2\/comments?post=153"}],"version-history":[{"count":37,"href":"https:\/\/abilar.org\/en\/wp-json\/wp\/v2\/pages\/153\/revisions"}],"predecessor-version":[{"id":1968,"href":"https:\/\/abilar.org\/en\/wp-json\/wp\/v2\/pages\/153\/revisions\/1968"}],"wp:featuredmedia":[{"embeddable":true,"href":"https:\/\/abilar.org\/en\/wp-json\/wp\/v2\/media\/488"}],"wp:attachment":[{"href":"https:\/\/abilar.org\/en\/wp-json\/wp\/v2\/media?parent=153"}],"curies":[{"name":"wp","href":"https:\/\/api.w.org\/{rel}","templated":true}]}}