{"id":1628,"date":"2021-03-16T01:46:43","date_gmt":"2021-03-15T22:46:43","guid":{"rendered":"https:\/\/abilar.org\/?page_id=1628"},"modified":"2021-03-16T14:41:13","modified_gmt":"2021-03-16T11:41:13","slug":"document-verification","status":"publish","type":"page","link":"https:\/\/abilar.org\/en\/document-verification\/","title":{"rendered":"Document Verification"},"content":{"rendered":"<div data-elementor-type=\"wp-page\" data-elementor-id=\"1628\" class=\"elementor elementor-1628\" data-elementor-post-type=\"page\">\n\t\t\t\t\t\t<section class=\"elementor-section elementor-top-section elementor-element elementor-element-3002866 elementor-section-boxed elementor-section-height-default elementor-section-height-default\" data-id=\"3002866\" data-element_type=\"section\" data-e-type=\"section\">\n\t\t\t\t\t\t<div class=\"elementor-container elementor-column-gap-default\">\n\t\t\t\t\t<div class=\"elementor-column elementor-col-100 elementor-top-column elementor-element elementor-element-db6c2ab\" data-id=\"db6c2ab\" data-element_type=\"column\" data-e-type=\"column\">\n\t\t\t<div class=\"elementor-widget-wrap elementor-element-populated\">\n\t\t\t\t\t\t<div class=\"elementor-element elementor-element-043f0bd elementor-headline--style-highlight elementor-widget elementor-widget-animated-headline\" data-id=\"043f0bd\" data-element_type=\"widget\" data-e-type=\"widget\" data-settings=\"{&quot;highlighted_text&quot;:&quot;kolayca do\\u011frulayabilirsiniz. &quot;,&quot;headline_style&quot;:&quot;highlight&quot;,&quot;marker&quot;:&quot;circle&quot;,&quot;loop&quot;:&quot;yes&quot;,&quot;highlight_animation_duration&quot;:1200,&quot;highlight_iteration_delay&quot;:8000}\" data-widget_type=\"animated-headline.default\">\n\t\t\t\t<div class=\"elementor-widget-container\">\n\t\t\t\t\t\t\t<h1 class=\"elementor-headline\">\n\t\t\t\t\t<span class=\"elementor-headline-plain-text elementor-headline-text-wrapper\">Akademik Bili\u015fim Ara\u015ft\u0131rmalar\u0131 Derne\u011fi taraf\u0131ndan verilen belgeleri<\/span>\n\t\t\t\t<span class=\"elementor-headline-dynamic-wrapper elementor-headline-text-wrapper\">\n\t\t\t\t\t<span class=\"elementor-headline-dynamic-text elementor-headline-text-active\">kolayca do\u011frulayabilirsiniz. <\/span>\n\t\t\t\t<\/span>\n\t\t\t\t<\/h1>\n\t\t\t\t\t\t<\/div>\n\t\t\t\t<\/div>\n\t\t\t\t\t<\/div>\n\t\t<\/div>\n\t\t\t\t\t<\/div>\n\t\t<\/section>\n\t\t\t\t<section class=\"elementor-section elementor-top-section elementor-element elementor-element-7d04fe1 elementor-section-boxed elementor-section-height-default elementor-section-height-default\" data-id=\"7d04fe1\" data-element_type=\"section\" data-e-type=\"section\">\n\t\t\t\t\t\t<div class=\"elementor-container elementor-column-gap-default\">\n\t\t\t\t\t<div class=\"elementor-column elementor-col-100 elementor-top-column elementor-element elementor-element-3d5d289\" data-id=\"3d5d289\" data-element_type=\"column\" data-e-type=\"column\">\n\t\t\t<div class=\"elementor-widget-wrap elementor-element-populated\">\n\t\t\t\t\t\t<div class=\"elementor-element elementor-element-f0663a1 elementor-hidden-tablet elementor-hidden-phone elementor-widget elementor-widget-spacer\" data-id=\"f0663a1\" data-element_type=\"widget\" data-e-type=\"widget\" data-widget_type=\"spacer.default\">\n\t\t\t\t<div class=\"elementor-widget-container\">\n\t\t\t\t\t\t\t<div class=\"elementor-spacer\">\n\t\t\t<div class=\"elementor-spacer-inner\"><\/div>\n\t\t<\/div>\n\t\t\t\t\t\t<\/div>\n\t\t\t\t<\/div>\n\t\t\t\t\t<\/div>\n\t\t<\/div>\n\t\t\t\t\t<\/div>\n\t\t<\/section>\n\t\t\t\t<section class=\"elementor-section elementor-top-section elementor-element elementor-element-40913e1 elementor-section-full_width elementor-section-height-default elementor-section-height-default\" data-id=\"40913e1\" data-element_type=\"section\" data-e-type=\"section\">\n\t\t\t\t\t\t<div class=\"elementor-container elementor-column-gap-default\">\n\t\t\t\t\t<div class=\"elementor-column elementor-col-100 elementor-top-column elementor-element elementor-element-dfa0733\" data-id=\"dfa0733\" data-element_type=\"column\" data-e-type=\"column\">\n\t\t\t<div class=\"elementor-widget-wrap elementor-element-populated\">\n\t\t\t\t\t\t<div class=\"elementor-element elementor-element-2a711f6 elementor-widget elementor-widget-shortcode\" data-id=\"2a711f6\" data-element_type=\"widget\" data-e-type=\"widget\" data-widget_type=\"shortcode.default\">\n\t\t\t\t<div class=\"elementor-widget-container\">\n\t\t\t\t\t\t\t<div class=\"elementor-shortcode\"><style type=\"text\/css\">\n\t\t\t.cf-btn {\n\t\t\tbackground: #223f9f !important;\n\t\t    margin-left: 6px;\n}\n\t\t.cf-btn:hover {\n\t\t\tbackground: #223f9f !important;\n\t\t    color: #fff !important;\n\t\t}\n\t\t.rs-heading {\n\t\t\ttext-align: center;\n\t\t}\n\t\t.search-table {\n\t\t    border-spacing: 0 !important;\n\t\t    border-top: none !important;\n\t\t    border-right: none !important;\n\t\t    border-left: none !important;\n\t        min-width: 100%;\n\t        border-bottom: 1px solid #ddd;\n\t\t}\n\t\t.search-table thead {\n\t\t\tbackground-color: transparent;\n\t\t}\n\t\t.search-table thead tr th {\n\t\t\tbackground-color: #223f9f !important;\n\t\t\tcolor: #fff !important;\n\t\t\ttext-transform: uppercase;\n\t\t\ttext-align: center;\n\t\t    padding: 15px 0px;\n\t\t}\n\t\t.search-table tbody tr td {\n\t\t\tborder-right: 1px solid #ddd;\n\t\t\ttext-align: center;\n\t\t\tpadding: 14px 10px;\n\t\t}\n\t\t.br-0 {\n\t\t\tborder-right: none !important\n\t\t}\n\t\tbody {\n \t\t}\n\t\t.btlr-10{ border-top-left-radius: 10px; }\n\t\t.btrr-10{ border-top-right-radius: 10px; }\n\t\t.bl-1{ border-left: 1px solid #ddd; }\n\t<\/style>\n\t\t<div class=\"cf-search\">\n\t\t<form method=\"GET\" action=\"\/en\/document-verification\/\" data-trp-original-action=\"document-verification\">\n\t\t\t<input type=\"text\" required class=\"cf-field\" placeholder=\"Belge Numaras\u0131n\u0131 Giriniz\" name=\"certificate_code\">\n\t\t\t<input type=\"submit\" class=\"cf-btn\" value=\"Do\u011frula\" name=\"code_data\">\n\t\t<input type=\"hidden\" name=\"trp-form-language\" value=\"en\"\/><\/form>\n\t<\/div>\n\t<div class=\"container\"><\/div><\/div>\n\t\t\t\t\t\t<\/div>\n\t\t\t\t<\/div>\n\t\t\t\t\t<\/div>\n\t\t<\/div>\n\t\t\t\t\t<\/div>\n\t\t<\/section>\n\t\t\t\t<section class=\"elementor-section elementor-top-section elementor-element elementor-element-27f50f0 elementor-section-boxed elementor-section-height-default elementor-section-height-default\" data-id=\"27f50f0\" data-element_type=\"section\" data-e-type=\"section\">\n\t\t\t\t\t\t<div class=\"elementor-container elementor-column-gap-default\">\n\t\t\t\t\t<div class=\"elementor-column elementor-col-100 elementor-top-column elementor-element elementor-element-8d98321\" data-id=\"8d98321\" data-element_type=\"column\" data-e-type=\"column\">\n\t\t\t<div class=\"elementor-widget-wrap elementor-element-populated\">\n\t\t\t\t\t\t<div class=\"elementor-element elementor-element-98cb886 elementor-hidden-tablet elementor-hidden-phone elementor-widget elementor-widget-spacer\" data-id=\"98cb886\" data-element_type=\"widget\" data-e-type=\"widget\" data-widget_type=\"spacer.default\">\n\t\t\t\t<div class=\"elementor-widget-container\">\n\t\t\t\t\t\t\t<div class=\"elementor-spacer\">\n\t\t\t<div class=\"elementor-spacer-inner\"><\/div>\n\t\t<\/div>\n\t\t\t\t\t\t<\/div>\n\t\t\t\t<\/div>\n\t\t\t\t\t<\/div>\n\t\t<\/div>\n\t\t\t\t\t<\/div>\n\t\t<\/section>\n\t\t\t\t<\/div>","protected":false},"excerpt":{"rendered":"<p>Akademik Bili\u015fim Ara\u015ft\u0131rmalar\u0131 Derne\u011fi taraf\u0131ndan verilen belgeleri kolayca do\u011frulayabilirsiniz.<\/p>","protected":false},"author":1,"featured_media":0,"parent":0,"menu_order":0,"comment_status":"closed","ping_status":"closed","template":"","meta":{"footnotes":""},"class_list":["post-1628","page","type-page","status-publish","hentry"],"_links":{"self":[{"href":"https:\/\/abilar.org\/en\/wp-json\/wp\/v2\/pages\/1628","targetHints":{"allow":["GET"]}}],"collection":[{"href":"https:\/\/abilar.org\/en\/wp-json\/wp\/v2\/pages"}],"about":[{"href":"https:\/\/abilar.org\/en\/wp-json\/wp\/v2\/types\/page"}],"author":[{"embeddable":true,"href":"https:\/\/abilar.org\/en\/wp-json\/wp\/v2\/users\/1"}],"replies":[{"embeddable":true,"href":"https:\/\/abilar.org\/en\/wp-json\/wp\/v2\/comments?post=1628"}],"version-history":[{"count":38,"href":"https:\/\/abilar.org\/en\/wp-json\/wp\/v2\/pages\/1628\/revisions"}],"predecessor-version":[{"id":1727,"href":"https:\/\/abilar.org\/en\/wp-json\/wp\/v2\/pages\/1628\/revisions\/1727"}],"wp:attachment":[{"href":"https:\/\/abilar.org\/en\/wp-json\/wp\/v2\/media?parent=1628"}],"curies":[{"name":"wp","href":"https:\/\/api.w.org\/{rel}","templated":true}]}}