{"id":262,"date":"2018-09-21T15:05:30","date_gmt":"2018-09-21T12:05:30","guid":{"rendered":"https:\/\/yadaanaliz.com\/?page_id=262"},"modified":"2021-03-16T13:58:22","modified_gmt":"2021-03-16T10:58:22","slug":"ictc2018","status":"publish","type":"page","link":"https:\/\/abilar.org\/en\/ictc2018\/","title":{"rendered":"ICTC &#8211; Bili\u015fim ve \u0130leti\u015fim Teknolojileri Kongresi"},"content":{"rendered":"<div data-elementor-type=\"wp-post\" data-elementor-id=\"262\" class=\"elementor elementor-262\" data-elementor-post-type=\"page\">\n\t\t\t\t\t\t<section class=\"elementor-section elementor-top-section elementor-element elementor-element-4da3c32 elementor-section-boxed elementor-section-height-default elementor-section-height-default\" data-id=\"4da3c32\" data-element_type=\"section\" data-e-type=\"section\">\n\t\t\t\t\t\t<div class=\"elementor-container elementor-column-gap-default\">\n\t\t\t\t\t<div class=\"elementor-column elementor-col-100 elementor-top-column elementor-element elementor-element-cd87ec2\" data-id=\"cd87ec2\" data-element_type=\"column\" data-e-type=\"column\">\n\t\t\t<div class=\"elementor-widget-wrap elementor-element-populated\">\n\t\t\t\t\t\t<div class=\"elementor-element elementor-element-424af58 elementor-widget elementor-widget-image\" data-id=\"424af58\" data-element_type=\"widget\" data-e-type=\"widget\" data-widget_type=\"image.default\">\n\t\t\t\t<div class=\"elementor-widget-container\">\n\t\t\t\t\t\t\t\t\t\t\t\t\t\t\t<img fetchpriority=\"high\" decoding=\"async\" width=\"1754\" height=\"1240\" src=\"https:\/\/abilar.org\/wp-content\/uploads\/sites\/2\/2018\/10\/afis.png\" class=\"attachment-full size-full wp-image-426\" alt=\"\" srcset=\"https:\/\/abilar.org\/wp-content\/uploads\/sites\/2\/2018\/10\/afis.png 1754w, https:\/\/abilar.org\/wp-content\/uploads\/sites\/2\/2018\/10\/afis-300x212.png 300w, https:\/\/abilar.org\/wp-content\/uploads\/sites\/2\/2018\/10\/afis-1024x724.png 1024w, https:\/\/abilar.org\/wp-content\/uploads\/sites\/2\/2018\/10\/afis-768x543.png 768w, https:\/\/abilar.org\/wp-content\/uploads\/sites\/2\/2018\/10\/afis-1536x1086.png 1536w, https:\/\/abilar.org\/wp-content\/uploads\/sites\/2\/2018\/10\/afis-16x12.png 16w\" sizes=\"(max-width: 1754px) 100vw, 1754px\" \/>\t\t\t\t\t\t\t\t\t\t\t\t\t\t\t<\/div>\n\t\t\t\t<\/div>\n\t\t\t\t\t<\/div>\n\t\t<\/div>\n\t\t\t\t\t<\/div>\n\t\t<\/section>\n\t\t\t\t<section class=\"elementor-section elementor-top-section elementor-element elementor-element-4b6a024 elementor-section-boxed elementor-section-height-default elementor-section-height-default\" data-id=\"4b6a024\" data-element_type=\"section\" data-e-type=\"section\">\n\t\t\t\t\t\t<div class=\"elementor-container elementor-column-gap-default\">\n\t\t\t\t\t<div class=\"elementor-column elementor-col-100 elementor-top-column elementor-element elementor-element-1d1d160\" data-id=\"1d1d160\" data-element_type=\"column\" data-e-type=\"column\">\n\t\t\t<div class=\"elementor-widget-wrap elementor-element-populated\">\n\t\t\t\t\t\t<div class=\"elementor-element elementor-element-4f759c3 elementor-widget elementor-widget-tp-info-box\" data-id=\"4f759c3\" data-element_type=\"widget\" data-e-type=\"widget\" data-widget_type=\"tp-info-box.default\">\n\t\t\t\t<div class=\"elementor-widget-container\">\n\t\t\t\t\t<div id=\"info_box69f8666e61fef\" class=\"pt_plus_info_box  info_box69f8666e61fef info-box-style_1\"  data-id=\"info_box69f8666e61fef\" ><div class=\"post-inner-loop\"><div class=\"info-box-inner content_hover_effect\"><div class=\"info-box-bg-box\"><div class=\"service-media text-left\"><div class=\"m-r-16  service-img-border\"  style=\"border-color: #252525;\"> <img decoding=\"async\" width=\"150\" height=\"150\" src=\"https:\/\/abilar.org\/wp-content\/uploads\/sites\/2\/2018\/12\/IMG_0015-150x150.jpg\" class=\"service-img\" alt=\"\" \/> <\/div><div class=\"service-content\"><a  ><div class=\"service-title\"> ABA Held Its 1st International Congress <\/div><\/a><div class=\"service-border\"> <\/div><div class=\"service-desc\"> <p>T\u00fcrkiye ba\u015fta olmak \u00fczere d\u00fcnyan\u0131n farkl\u0131 \u00fclkelerinden bir\u00e7ok akademisyen, sekt\u00f6r temsilcisi ve uzman\u0131n bir araya geldi\u011fi Bili\u015fim ve \u0130leti\u015fim Teknolojileri Kongresi (ICTC) 14-16 Aral\u0131k tarihleri aras\u0131nda, Akademik Bili\u015fim Ara\u015ft\u0131rmalar\u0131 Derne\u011fi taraf\u0131ndan \u0130stanbul\u2019da ger\u00e7ekle\u015ftirildi.<\/p> <\/div><div class=\"pt-plus-button-wrapper\"><div class=\"button_parallax\"><div id=\"btn69f8666e61f7f\" class=\"ts-button\"><div class=\"pt_plus_button btn69f8666e61f7f button-style-9\"><div class=\"animted-content-inner\"><a class=\"button-link-wrap\" role=\"button\"><\/a><\/div><\/div><\/div><\/div><\/div><\/div><\/div><div class=\"infobox-overlay-color\"><\/div><\/div><\/div><\/div><\/div>\t\t\t\t<\/div>\n\t\t\t\t<\/div>\n\t\t\t\t\t<\/div>\n\t\t<\/div>\n\t\t\t\t\t<\/div>\n\t\t<\/section>\n\t\t\t\t<section class=\"elementor-section elementor-top-section elementor-element elementor-element-020a4ff elementor-section-boxed elementor-section-height-default elementor-section-height-default\" data-id=\"020a4ff\" data-element_type=\"section\" data-e-type=\"section\">\n\t\t\t\t\t\t<div class=\"elementor-container elementor-column-gap-default\">\n\t\t\t\t\t<div class=\"elementor-column elementor-col-100 elementor-top-column elementor-element elementor-element-c83852f\" data-id=\"c83852f\" data-element_type=\"column\" data-e-type=\"column\">\n\t\t\t<div class=\"elementor-widget-wrap elementor-element-populated\">\n\t\t\t\t\t\t<div class=\"elementor-element elementor-element-a44740d elementor-tabs-view-horizontal elementor-widget elementor-widget-tabs\" data-id=\"a44740d\" data-element_type=\"widget\" data-e-type=\"widget\" data-widget_type=\"tabs.default\">\n\t\t\t\t<div class=\"elementor-widget-container\">\n\t\t\t\t\t\t\t<div class=\"elementor-tabs\">\n\t\t\t<div class=\"elementor-tabs-wrapper\" role=\"tablist\" >\n\t\t\t\t\t\t\t\t\t<div id=\"elementor-tab-title-1721\" class=\"elementor-tab-title elementor-tab-desktop-title\" aria-selected=\"true\" data-tab=\"1\" role=\"tab\" tabindex=\"0\" aria-controls=\"elementor-tab-content-1721\" aria-expanded=\"false\">Kongre Bilgisi<\/div>\n\t\t\t\t\t\t\t\t\t<div id=\"elementor-tab-title-1722\" class=\"elementor-tab-title elementor-tab-desktop-title\" aria-selected=\"false\" data-tab=\"2\" role=\"tab\" tabindex=\"-1\" aria-controls=\"elementor-tab-content-1722\" aria-expanded=\"false\">Konferans Tarihi ve Yeri<\/div>\n\t\t\t\t\t\t\t\t\t<div id=\"elementor-tab-title-1723\" class=\"elementor-tab-title elementor-tab-desktop-title\" aria-selected=\"false\" data-tab=\"3\" role=\"tab\" tabindex=\"-1\" aria-controls=\"elementor-tab-content-1723\" aria-expanded=\"false\">\u00dccret ve Hesap Bilgileri<\/div>\n\t\t\t\t\t\t\t\t\t<div id=\"elementor-tab-title-1724\" class=\"elementor-tab-title elementor-tab-desktop-title\" aria-selected=\"false\" data-tab=\"4\" role=\"tab\" tabindex=\"-1\" aria-controls=\"elementor-tab-content-1724\" aria-expanded=\"false\">Dan\u0131\u015fma ve Bilim Kurulu<\/div>\n\t\t\t\t\t\t\t\t\t<div id=\"elementor-tab-title-1725\" class=\"elementor-tab-title elementor-tab-desktop-title\" aria-selected=\"false\" data-tab=\"5\" role=\"tab\" tabindex=\"-1\" aria-controls=\"elementor-tab-content-1725\" aria-expanded=\"false\">\u00d6zet Kitap\u00e7\u0131\u011f\u0131<\/div>\n\t\t\t\t\t\t\t<\/div>\n\t\t\t<div class=\"elementor-tabs-content-wrapper\" role=\"tablist\" aria-orientation=\"vertical\">\n\t\t\t\t\t\t\t\t\t<div class=\"elementor-tab-title elementor-tab-mobile-title\" aria-selected=\"true\" data-tab=\"1\" role=\"tab\" tabindex=\"0\" aria-controls=\"elementor-tab-content-1721\" aria-expanded=\"false\">Kongre Bilgisi<\/div>\n\t\t\t\t\t<div id=\"elementor-tab-content-1721\" class=\"elementor-tab-content elementor-clearfix\" data-tab=\"1\" role=\"tabpanel\" aria-labelledby=\"elementor-tab-title-1721\" tabindex=\"0\" hidden=\"false\"><p><span style=\"color: #000080;\">Bili\u015fim ve \u0130leti\u015fim Teknolojileri Kongresi (ICTC), T\u00fcrk Bal\u0131k Adamlar Kul\u00fcb\u00fc Konferans Salonu\u2019nda ger\u00e7ekle\u015ftirilecektir..<\/span><\/p><p><span style=\"color: #000080;\">Bili\u015fim ve \u0130leti\u015fim Teknolojileri Kongresi (ICTC), Akademik Bili\u015fim Ara\u015ft\u0131rmalar\u0131 Derne\u011fi\u2019nde 13 \u2013 16 Aral\u0131k 2018 tarihleri aras\u0131nda ger\u00e7ekle\u015ftirilecektir.<\/span><\/p><p><span style=\"color: #000080;\">Se\u00e7ilen tam metinler yazar(lar)\u0131n tercihine ba\u011fl\u0131 olarak kabul edilmesi halinde\u00a0 AJIT-e: Bili\u015fim Teknolojileri Online Dergisi\u2019nin Aral\u0131k 2018 \u00f6zel say\u0131s\u0131nda yay\u0131nlanacakt\u0131r.<\/span><\/p><p>\u00c7al\u0131\u015fmalar\u0131n haz\u0131rlanmas\u0131 s\u0131ras\u0131nda APA sistemi kullan\u0131lmal\u0131d\u0131r.<\/p><p>Bili\u015fim ve \u0130leti\u015fim Teknolojileri Kongresi (ICTC), T\u00fcrkiye ba\u015fta olmak \u00fczere d\u00fcnyan\u0131n farkl\u0131 \u00fclkelerinden akademisyen, sekt\u00f6r temsilcisi ve uzmanlarla bir araya gelme f\u0131rsat\u0131n\u0131 sa\u011flamaktad\u0131r. Kongre boyunca kat\u0131l\u0131mc\u0131lar bili\u015fim ve ba\u011flant\u0131l\u0131 alanlardaki \u00f6zg\u00fcn sunumlar\u0131 dinlemenin beraberinde bili\u015fim d\u00fcnyas\u0131n\u0131n bug\u00fcn\u00fc ve yar\u0131n\u0131na ili\u015fkin fikir al\u0131\u015fveri\u015finde bulunacak ve yenilik\u00e7i \u00e7\u00f6z\u00fcmlerin geli\u015ftirilmesine katk\u0131da bulunacakt\u0131r.<\/p><p>Kongrenin ana temas\u0131 \u201cBili\u015fim ve \u0130leti\u015fim Teknolojileri\u201d olarak belirlenmi\u015ftir. Kongre bu ana teman\u0131n beraberinde, a\u015fa\u011f\u0131da belirtilen ve di\u011fer ilgili t\u00fcm alanlara ili\u015fkin \u00e7al\u0131\u015fmalara a\u00e7\u0131kt\u0131r.<\/p><ul><li>Medya ve \u0130leti\u015fim Bilimleri<\/li><li>Sa\u011fl\u0131k Teknolojileri<\/li><li>Adli Bili\u015fim<\/li><li>\u00c7okluortam<\/li><li>Belge ve Kay\u0131t Y\u00f6netimi<\/li><li>Bilgi G\u00fcvenli\u011fi<\/li><li>Bilgi Y\u00f6netimi<\/li><li>Bili\u015fim Eti\u011fi<\/li><li>Bili\u015fim Hukuku<\/li><li>Bili\u015fim Teorisi<\/li><li>Da\u011f\u0131t\u0131k Bili\u015fim Sistemleri<\/li><li>E-\u00d6\u011frenme<\/li><li>E-Crm<\/li><li>E-D\u00f6n\u00fc\u015f\u00fcm<\/li><li>E-Devlet<\/li><li>E-Organizasyon<\/li><li>E-Pazarlama<\/li><li>E-Reklam<\/li><li>E-Scm<\/li><li>E-Yay\u0131mc\u0131l\u0131k ve E-Yay\u0131nc\u0131l\u0131k<\/li><li>E-Y\u00f6netim<\/li><li>E-\u0130\u015f\/E-Ticaret<\/li><li>Hastane Bilgi Sistemleri<\/li><li>\u0130novasyon<\/li><li>\u0130nsourcing\/Outsourcing<\/li><li>Karar Destek Sistemleri<\/li><li>Kurumsal Kaynak Planlamas\u0131<\/li><li>M\u00fc\u015fteri \u0130li\u015fkileri Y\u00f6netimi<\/li><li>Proje Y\u00f6netimi<\/li><li>Radyoloji Bilgi Sistemleri<\/li><li>Say\u0131sal E\u011flence ve Oyun<\/li><li>Say\u0131sal Hak Y\u00f6netimi<\/li><li>Say\u0131sal \u0130leti\u015fim Ortamlar\u0131\/Medya<\/li><li>Say\u0131sal \u0130leti\u015fim Sistemleri<\/li><li>Sa\u011fl\u0131k Bilgi Stratejileri<\/li><li>Sa\u011fl\u0131k Bilgi Teknolojileri<\/li><li>Sistem Analizi ve Tasar\u0131m\u0131<\/li><li>Sosyal A\u011flar<\/li><li>Tedarik Zinciri Y\u00f6netimi<\/li><li>Telekom\u00fcnikasyon<\/li><li>T\u0131p Bili\u015fimi<\/li><li>Veri Ambarlar\u0131\/Veri Adac\u0131klar\u0131<\/li><li>Veri G\u00fcvenli\u011fi<\/li><li>Veri Madencili\u011fi<\/li><li>Veritaban\u0131 Y\u00f6netim Sistemleri<\/li><li>Yapay Zek\u00e2<\/li><li>Y\u00f6netim Bili\u015fim Sistemleri<\/li><li>Yeni Medya\/\u0130leti\u015fim Ortamlar\u0131<\/li><li>\u0130leti\u015fim Enformati\u011fi<\/li><li>\u0130\u015f Zek\u00e2s\u0131<\/li><li>\u0130\u015fletme Enformati\u011fi<\/li><\/ul><table><tbody><tr><td width=\"302\"><strong>Son \u00d6zet G\u00f6nderim Tarihi<\/strong><\/td><td width=\"302\"><span style=\"color: #ff0000;\">30\/11\/2018<\/span><\/td><\/tr><tr><td width=\"302\"><strong>Tam Metin G\u00f6nderim Tarihi<\/strong><\/td><td width=\"302\"><span style=\"color: #ff0000;\">30\/11\/2018<\/span><\/td><\/tr><\/tbody><\/table><\/div>\n\t\t\t\t\t\t\t\t\t<div class=\"elementor-tab-title elementor-tab-mobile-title\" aria-selected=\"false\" data-tab=\"2\" role=\"tab\" tabindex=\"-1\" aria-controls=\"elementor-tab-content-1722\" aria-expanded=\"false\">Konferans Tarihi ve Yeri<\/div>\n\t\t\t\t\t<div id=\"elementor-tab-content-1722\" class=\"elementor-tab-content elementor-clearfix\" data-tab=\"2\" role=\"tabpanel\" aria-labelledby=\"elementor-tab-title-1722\" tabindex=\"0\" hidden=\"hidden\"><p>Bili\u015fim ve \u0130leti\u015fim Teknolojileri Kongresi (ICTC), T\u00fcrk Bal\u0131k Adamlar Kul\u00fcb\u00fc Konferans Salonu\u2019nda ger\u00e7ekle\u015ftirilecektir..<\/p><table><tbody><tr><td width=\"302\">Konferans Tarihi<\/td><td width=\"302\">13 \u2013 16 Aral\u0131k 2018<\/td><\/tr><\/tbody><\/table><hr \/><table><tbody><tr><td width=\"302\">Son \u00d6zet G\u00f6nderim Tarihi<\/td><td width=\"302\"><b>30\/11\/2018\u00a0<\/b><\/td><\/tr><tr><td width=\"302\">Tam Metin G\u00f6nderim Tarihi<\/td><td width=\"302\"><b>30\/11\/2018<\/b><\/td><\/tr><\/tbody><\/table><hr \/><table><tbody><tr><td width=\"302\">Adres<\/td><td width=\"302\">\u0130skele \u00c7\u0131kmaz\u0131 Sokak No:8 Caddebostan Kad\u0131k\u00f6y\/\u0130stanbul<\/td><\/tr><\/tbody><\/table><\/div>\n\t\t\t\t\t\t\t\t\t<div class=\"elementor-tab-title elementor-tab-mobile-title\" aria-selected=\"false\" data-tab=\"3\" role=\"tab\" tabindex=\"-1\" aria-controls=\"elementor-tab-content-1723\" aria-expanded=\"false\">\u00dccret ve Hesap Bilgileri<\/div>\n\t\t\t\t\t<div id=\"elementor-tab-content-1723\" class=\"elementor-tab-content elementor-clearfix\" data-tab=\"3\" role=\"tabpanel\" aria-labelledby=\"elementor-tab-title-1723\" tabindex=\"0\" hidden=\"hidden\"><p>\u00d6demeler yaln\u0131zca Havale ve EFT yoluyla kabul edilmektedir. Online \u00f6deme al\u0131nmamaktad\u0131r. Bu nedenle \u00f6deme yapt\u0131ktan sonra makbuzu sisteme y\u00fcklemeniz gerekmektedir.<\/p><p>Se\u00e7ilen tam metinler yazar(lar)\u0131n tercihine ba\u011fl\u0131 olarak kabul edilmesi halinde\u00a0 AJIT-e: Bili\u015fim Teknolojileri Online Dergisi\u2019nin Aral\u0131k 2018 \u00f6zel say\u0131s\u0131nda yay\u0131nlanacakt\u0131r.<\/p><table><tbody><tr><td width=\"302\">Dr., Y.Do\u00e7., Do\u00e7., Prof.<\/td><td width=\"302\">\u20ba 300<\/td><\/tr><tr><td width=\"302\">Ar. G\u00f6r., \u00d6\u011fr.<\/td><td width=\"302\">\u20ba 250<\/td><\/tr><tr><td width=\"302\">Dinleyici<\/td><td width=\"302\">\u20ba 150<\/td><\/tr><\/tbody><\/table><h3 style=\"text-align: center;\">BANKA HESAP B\u0130LG\u0130LER\u0130M\u0130Z<\/h3><table><tbody><tr><td colspan=\"2\" width=\"604\"><img decoding=\"async\" class=\"aligncenter\" src=\"https:\/\/abilar.org\/wp-content\/uploads\/sites\/2\/2018\/09\/00015.png\" alt=\"\" width=\"148\" height=\"111\" \/><\/td><\/tr><tr><td width=\"302\">Banka<\/td><td width=\"302\">T\u00dcRK\u0130YE VAKIFLAR BANKASI<\/td><\/tr><tr><td width=\"302\">Al\u0131c\u0131 Ad\u0131<\/td><td width=\"302\">Society of Academic Research on Informatics<\/td><\/tr><tr><td width=\"302\">Hesap No<\/td><td width=\"302\">0015 8007 3069 2297 3<\/td><\/tr><tr><td width=\"302\">IBAN<\/td><td width=\"302\">TR84 0001 5001 5800 7306 9229 73<\/td><\/tr><tr><td width=\"302\">\u015eube<\/td><td width=\"302\">Suadiye<\/td><\/tr><tr><td width=\"302\">Swift<\/td><td width=\"302\">TVBATR2A<\/td><\/tr><tr><td width=\"302\">\u00dclke<\/td><td width=\"302\">T\u00fcrkiye (TR)<\/td><\/tr><\/tbody><\/table><p>L\u00fctfen al\u0131c\u0131 bilgilerinden emin olduktan sonra para transfer i\u015flemini ger\u00e7ekle\u015ftirin. Aksi bir durumda derne\u011fimiz sorumluluk kabul etmeyecektir. Anlay\u0131\u015f\u0131n\u0131z i\u00e7in te\u015fekk\u00fcr ederiz.<\/p><\/div>\n\t\t\t\t\t\t\t\t\t<div class=\"elementor-tab-title elementor-tab-mobile-title\" aria-selected=\"false\" data-tab=\"4\" role=\"tab\" tabindex=\"-1\" aria-controls=\"elementor-tab-content-1724\" aria-expanded=\"false\">Dan\u0131\u015fma ve Bilim Kurulu<\/div>\n\t\t\t\t\t<div id=\"elementor-tab-content-1724\" class=\"elementor-tab-content elementor-clearfix\" data-tab=\"4\" role=\"tabpanel\" aria-labelledby=\"elementor-tab-title-1724\" tabindex=\"0\" hidden=\"hidden\"><p><strong>Kongre Ba\u015fkan\u0131<\/strong><\/p><p>Prof.Dr. \u00d6zhan Ting\u00f6y<\/p><p><strong>Kongre Ba\u015fkan Yard\u0131mc\u0131s\u0131<\/strong><\/p><p>Dr.\u00d6\u011fr.\u00dcyesi Yusuf Budak<\/p><p><strong>D\u00fczenleme Kurulu \u00dcyeleri<\/strong><\/p><p>Do\u00e7.Dr. \u0130hsan Karl\u0131<br \/>Do\u00e7.Dr. Mustafa Y\u0131lmaz<br \/>Do\u00e7.Dr. \u015eevki I\u015f\u0131kl\u0131<br \/>Do\u00e7.Dr. A\u015fk\u0131n Demira\u011f<br \/>Dr.\u00d6\u011fr.\u00dcyesi Yusuf Budak<br \/>Dr.\u00d6\u011fr.\u00dcyesi Ali \u00d6zcan<br \/>Dr.\u00d6\u011fr.G\u00f6r. Aziz T\u00fcter<br \/>Dr. Yahya \u00d6zdemir<br \/>Av.Necmiye Ting\u00f6y (B.A.)<br \/>Nalan Ting\u00f6y (B.A.)<\/p><p><strong><u>Sekreterya<\/u><\/strong><\/p><p>Ferhat Korkmazcan<br \/>Mustafa \u00c7okya\u015far<br \/>Mustafa Cankut Kurt<\/p><p><strong><u>Bilim Kurulu<\/u><\/strong><\/p><p>\u00d6zhan Ting\u00f6y ( Prof.Dr., Marmara \u00dcniversitesi, T\u00fcrkiye)<br \/>Suat Gezgin (Prof.Dr., \u0130stanbul \u00dcniversitesi, T\u00fcrkiye)<br \/>Murat \u00d6zgen (Prof.Dr., \u0130stanbul \u00dcniversitesi, T\u00fcrkiye)<br \/>\u0130dil Say\u0131mer (Prof. Dr., Kocaeli \u00dcniversitesi, T\u00fcrkiye)<br \/>\u0130hsan Karl\u0131 (Do\u00e7.Dr., Kocaeli \u00dcniversitesi, T\u00fcrkiye)<br \/>Mustafa Y\u0131lmaz (Do\u00e7.Dr., Kocaeli \u00dcniversitesi, T\u00fcrkiye)<br \/>\u015eevki I\u015f\u0131kl\u0131 (Do\u00e7.Dr., Marmara \u00dcniversitesi, T\u00fcrkiye)<br \/>Yusuf Budak (Dr.\u00d6\u011fr.\u00dcyesi, Kocaeli \u00dcniversitesi, T\u00fcrkiye)<br \/>Ali \u00d6zcan (Dr.\u00d6\u011fr.\u00dcyesi, G\u00fcm\u00fc\u015fhane \u00dcniversitesi, T\u00fcrkiye)<br \/>Dr. Yahya \u00d6zdemir (Yalova \u00dcniversitesi, T\u00fcrkiye)<br \/>Yahya R. Kamalipour (Department of Journalism &amp; Mass Communication, North Carolina A&amp;T State University, Greensboro, North Carolina United States)<br \/>Charalambos Tsekeris (Phd., Ass. Res. Prof., National Center for Social Research, Athens, Greece; Extraordinary Prof., SPL, Stellenbosch University)<br \/>H\u00fcseynov Ayd\u0131n (Assoc. Prof. Dr, Intellectual Property Agency of Azerbaijan Republic)<br \/>Suleymanov El\u00e7in (Do\u00e7ent Dr.,\u00a0 Baku Engineering University, Azerbaijan)<br \/>Rahmanov F\u0259rhad, (Prof. Dr., State University of Economics \u2013 UNEC , Azerbaijan)<br \/>Dr.Tofig Babayev (Ph.D in Computers, complexes, systems and networka Director of the Regional Innovative Technologies Academy)<br \/>Virkovski Valery Belarus (Ph.D in Computer Systems Expert in Internatioal projects Coordinator of EU4Digital)<br \/>Do\u00e7. Anar Veliyev (Azerbaycan Devlet Ekonomi \u00dcniversitesi (UNEC), Ekonomi Felsefesi Doktoru)<\/p><\/div>\n\t\t\t\t\t\t\t\t\t<div class=\"elementor-tab-title elementor-tab-mobile-title\" aria-selected=\"false\" data-tab=\"5\" role=\"tab\" tabindex=\"-1\" aria-controls=\"elementor-tab-content-1725\" aria-expanded=\"false\">\u00d6zet Kitap\u00e7\u0131\u011f\u0131<\/div>\n\t\t\t\t\t<div id=\"elementor-tab-content-1725\" class=\"elementor-tab-content elementor-clearfix\" data-tab=\"5\" role=\"tabpanel\" aria-labelledby=\"elementor-tab-title-1725\" tabindex=\"0\" hidden=\"hidden\"><p>ICTC 2018 Bili\u015fim ve \u0130leti\u015fim Teknolojileri Kongresi \u00d6zet Kitab\u0131 yay\u0131nlanm\u0131\u015ft\u0131r. <a href=\"https:\/\/abilar.org\/wp-content\/uploads\/sites\/2\/2021\/03\/ictc2018.pdf\">\u0130ndirmek i\u00e7in t\u0131klay\u0131n&#8230;<\/a><\/p><\/div>\n\t\t\t\t\t\t\t<\/div>\n\t\t<\/div>\n\t\t\t\t\t\t<\/div>\n\t\t\t\t<\/div>\n\t\t\t\t\t<\/div>\n\t\t<\/div>\n\t\t\t\t\t<\/div>\n\t\t<\/section>\n\t\t\t\t<\/div>","protected":false},"excerpt":{"rendered":"<p>ABA, 1.Uluslararas\u0131 Kongresini Ger\u00e7ekle\u015ftirdi T\u00fcrkiye ba\u015fta olmak \u00fczere d\u00fcnyan\u0131n farkl\u0131 \u00fclkelerinden bir\u00e7ok akademisyen, sekt\u00f6r temsilcisi ve uzman\u0131n bir araya geldi\u011fi Bili\u015fim ve \u0130leti\u015fim Teknolojileri Kongresi&hellip;<\/p>","protected":false},"author":4,"featured_media":389,"parent":0,"menu_order":0,"comment_status":"closed","ping_status":"closed","template":"","meta":{"footnotes":""},"class_list":["post-262","page","type-page","status-publish","has-post-thumbnail","hentry"],"_links":{"self":[{"href":"https:\/\/abilar.org\/en\/wp-json\/wp\/v2\/pages\/262","targetHints":{"allow":["GET"]}}],"collection":[{"href":"https:\/\/abilar.org\/en\/wp-json\/wp\/v2\/pages"}],"about":[{"href":"https:\/\/abilar.org\/en\/wp-json\/wp\/v2\/types\/page"}],"author":[{"embeddable":true,"href":"https:\/\/abilar.org\/en\/wp-json\/wp\/v2\/users\/4"}],"replies":[{"embeddable":true,"href":"https:\/\/abilar.org\/en\/wp-json\/wp\/v2\/comments?post=262"}],"version-history":[{"count":13,"href":"https:\/\/abilar.org\/en\/wp-json\/wp\/v2\/pages\/262\/revisions"}],"predecessor-version":[{"id":1668,"href":"https:\/\/abilar.org\/en\/wp-json\/wp\/v2\/pages\/262\/revisions\/1668"}],"wp:featuredmedia":[{"embeddable":true,"href":"https:\/\/abilar.org\/en\/wp-json\/wp\/v2\/media\/389"}],"wp:attachment":[{"href":"https:\/\/abilar.org\/en\/wp-json\/wp\/v2\/media?parent=262"}],"curies":[{"name":"wp","href":"https:\/\/api.w.org\/{rel}","templated":true}]}}